{"id":72,"date":"2018-12-20T11:27:53","date_gmt":"2018-12-20T10:27:53","guid":{"rendered":"http:\/\/www.phroyde.com\/SRGMBH\/?page_id=72"},"modified":"2022-11-28T11:52:20","modified_gmt":"2022-11-28T10:52:20","slug":"massage","status":"publish","type":"page","link":"http:\/\/www.phroyde.com\/SRGMBH\/massage\/","title":{"rendered":"Massage"},"content":{"rendered":"\n<p>Unsere Massagefachkr\u00e4fte bieten unseren G\u00e4sten eine reichhaltige Auswahl von fachgerecht ausgef\u00fchrten Massagebehandlungen an. Es ist empfehlenswert, einen Termin vorher telefonisch zu reservieren.<\/p>\n\n\n\n<h2 class=\"wp-block-heading\">Klassische Massage<\/h2>\n\n\n\n<table class=\"wp-block-table has-fixed-layout\"><tbody><tr><td><\/td><td>R\u00fccken \/ Beine: <\/td><td>30 Minuten<\/td><td>35 Euro<\/td><td><\/td><\/tr><tr><td><\/td><td>Ganzk\u00f6rper:<\/td><td>45 Minuten<\/td><td>52 Euro<\/td><td><\/td><\/tr><tr><td><\/td><td><\/td><td>60 Minuten<\/td><td>70 Euro<\/td><td><\/td><\/tr><\/tbody><\/table>\n\n\n\n<h2 class=\"wp-block-heading\">Hot Stone-Massage<\/h2>\n\n\n\n<table class=\"wp-block-table has-fixed-layout\"><tbody><tr><td><\/td><td>R\u00fccken \/ Beine:<\/td><td>45 Minuten<\/td><td>55 Euro<\/td><td><\/td><\/tr><tr><td><\/td><td>Ganzk\u00f6rper:<\/td><td>60 Minuten<\/td><td>74 Euro<\/td><td><\/td><\/tr><\/tbody><\/table>\n\n\n\n<h2 class=\"wp-block-heading\">Aroma\u00f6l-Massage<\/h2>\n\n\n\n<table class=\"wp-block-table has-fixed-layout\"><tbody><tr><td><\/td><td>R\u00fccken und Beine<\/td><td>30 Minuten<\/td><td>38 Euro<\/td><td><\/td><\/tr><tr><td><\/td><td>Ganzk\u00f6rper<\/td><td>60 Minuten<\/td><td>74 Euro<\/td><td><\/td><\/tr><\/tbody><\/table>\n\n\n\n<h2 class=\"wp-block-heading\" id=\"mce_7\">Rasulbad<\/h2>\n\n\n\n<p>20 Minuten f\u00fcr 2 Personen 49 Euro<\/p>\n","protected":false},"excerpt":{"rendered":"<p>Unsere Massagefachkr\u00e4fte bieten unseren G\u00e4sten eine reichhaltige Auswahl von fachgerecht ausgef\u00fchrten Massagebehandlungen an. Es ist empfehlenswert, einen Termin vorher telefonisch zu reservieren. Klassische Massage R\u00fccken \/ Beine: 30 Minuten 35 Euro Ganzk\u00f6rper: 45 Minuten 52 Euro 60 Minuten 70 Euro Hot Stone-Massage R\u00fccken \/ Beine: 45 Minuten 55 Euro Ganzk\u00f6rper: 60 Minuten 74 Euro Aroma\u00f6l-Massage &hellip; <\/p>\n<p class=\"link-more\"><a href=\"http:\/\/www.phroyde.com\/SRGMBH\/massage\/\" class=\"more-link\"><span class=\"screen-reader-text\">\u201eMassage\u201c <\/span>weiterlesen<\/a><\/p>\n","protected":false},"author":1,"featured_media":432,"parent":0,"menu_order":30,"comment_status":"closed","ping_status":"closed","template":"","meta":{"tteo2020_transparent_header":false,"footnotes":""},"class_list":["post-72","page","type-page","status-publish","has-post-thumbnail","hentry"],"_links":{"self":[{"href":"http:\/\/www.phroyde.com\/SRGMBH\/wp-json\/wp\/v2\/pages\/72","targetHints":{"allow":["GET"]}}],"collection":[{"href":"http:\/\/www.phroyde.com\/SRGMBH\/wp-json\/wp\/v2\/pages"}],"about":[{"href":"http:\/\/www.phroyde.com\/SRGMBH\/wp-json\/wp\/v2\/types\/page"}],"author":[{"embeddable":true,"href":"http:\/\/www.phroyde.com\/SRGMBH\/wp-json\/wp\/v2\/users\/1"}],"replies":[{"embeddable":true,"href":"http:\/\/www.phroyde.com\/SRGMBH\/wp-json\/wp\/v2\/comments?post=72"}],"version-history":[{"count":16,"href":"http:\/\/www.phroyde.com\/SRGMBH\/wp-json\/wp\/v2\/pages\/72\/revisions"}],"predecessor-version":[{"id":740,"href":"http:\/\/www.phroyde.com\/SRGMBH\/wp-json\/wp\/v2\/pages\/72\/revisions\/740"}],"wp:featuredmedia":[{"embeddable":true,"href":"http:\/\/www.phroyde.com\/SRGMBH\/wp-json\/wp\/v2\/media\/432"}],"wp:attachment":[{"href":"http:\/\/www.phroyde.com\/SRGMBH\/wp-json\/wp\/v2\/media?parent=72"}],"curies":[{"name":"wp","href":"https:\/\/api.w.org\/{rel}","templated":true}]}}